{"id":3287,"date":"2026-04-21T14:31:30","date_gmt":"2026-04-21T12:31:30","guid":{"rendered":"https:\/\/revasurfcoaching.com\/?page_id=3287"},"modified":"2026-04-21T15:53:32","modified_gmt":"2026-04-21T13:53:32","slug":"actualites-du-surf","status":"publish","type":"page","link":"https:\/\/revasurfcoaching.com\/en\/actualites-du-surf\/","title":{"rendered":"NEWS"},"content":{"rendered":"\t\t<div data-elementor-type=\"wp-page\" data-elementor-id=\"3287\" class=\"elementor elementor-3287\">\n\t\t\t\t\t\t<section class=\"elementor-section elementor-top-section elementor-element elementor-element-0734bba elementor-section-boxed elementor-section-height-default elementor-section-height-default\" data-id=\"0734bba\" data-element_type=\"section\" data-e-type=\"section\" data-settings=\"{&quot;background_background&quot;:&quot;classic&quot;}\">\n\t\t\t\t\t\t\t<div class=\"elementor-background-overlay\"><\/div>\n\t\t\t\t\t\t\t<div class=\"elementor-container elementor-column-gap-default\">\n\t\t\t\t\t<div class=\"elementor-column elementor-col-100 elementor-top-column elementor-element elementor-element-9185c71\" data-id=\"9185c71\" data-element_type=\"column\" data-e-type=\"column\">\n\t\t\t<div class=\"elementor-widget-wrap elementor-element-populated\">\n\t\t\t\t\t\t<div class=\"elementor-element elementor-element-8311aea elementor-widget elementor-widget-yolo_title\" data-id=\"8311aea\" data-element_type=\"widget\" data-e-type=\"widget\" data-widget_type=\"yolo_title.default\">\n\t\t\t\t<div class=\"elementor-widget-container\">\n\t\t\t\t\t        <div class=\"yolo-modern-heading\">\n            \n            \n                    <div class=\"heading-primary-wrap\">\n            <h1 class=\"heading-primary elementor-heading-title\">NEWS<\/h1>        <\/div>\n        \n                    <\/div>\n        \t\t\t\t<\/div>\n\t\t\t\t<\/div>\n\t\t\t\t<div class=\"elementor-element elementor-element-56dbc9f elementor-widget elementor-widget-yolo_title\" data-id=\"56dbc9f\" data-element_type=\"widget\" data-e-type=\"widget\" data-widget_type=\"yolo_title.default\">\n\t\t\t\t<div class=\"elementor-widget-container\">\n\t\t\t\t\t        <div class=\"yolo-modern-heading\">\n            \n            \n                    <div class=\"heading-primary-wrap\">\n            <h2 class=\"heading-primary elementor-heading-title\">Conseils surf et actualit\u00e9s \u00e0 Capbreton<\/h2>        <\/div>\n        \n                    <\/div>\n        \t\t\t\t<\/div>\n\t\t\t\t<\/div>\n\t\t\t\t<div class=\"elementor-element elementor-element-8abf910 elementor-widget-mobile__width-inherit elementor-widget elementor-widget-yolo_title\" data-id=\"8abf910\" data-element_type=\"widget\" data-e-type=\"widget\" data-widget_type=\"yolo_title.default\">\n\t\t\t\t<div class=\"elementor-widget-container\">\n\t\t\t\t\t        <div class=\"yolo-modern-heading\">\n            \n            \n            \n                    <div class=\"heading-description-wrap\">\n            <div class=\"heading-description\">\n                <p>Vous trouverez ici des conseils autour du surf, des infos sur les conditions \u00e0 Capbreton, et des r\u00e9ponses aux questions que j\u2019entends souvent avant de rentrer dans l\u2019eau.<\/p><p>L\u2019id\u00e9e est de partager simplement ce qui peut vous aider \u00e0 mieux comprendre l\u2019oc\u00e9an, progresser, ou pr\u00e9parer vos sessions.<\/p>            <\/div>\n        <\/div>\n            <\/div>\n        \t\t\t\t<\/div>\n\t\t\t\t<\/div>\n\t\t\t\t\t<\/div>\n\t\t<\/div>\n\t\t\t\t\t<\/div>\n\t\t<\/section>\n\t\t\t\t<section class=\"elementor-section elementor-top-section elementor-element elementor-element-3755eb6 elementor-section-boxed elementor-section-height-default elementor-section-height-default\" data-id=\"3755eb6\" data-element_type=\"section\" data-e-type=\"section\" data-settings=\"{&quot;background_background&quot;:&quot;classic&quot;}\">\n\t\t\t\t\t\t<div class=\"elementor-container elementor-column-gap-default\">\n\t\t\t\t\t<div class=\"elementor-column elementor-col-100 elementor-top-column elementor-element elementor-element-393442c\" data-id=\"393442c\" data-element_type=\"column\" data-e-type=\"column\">\n\t\t\t<div class=\"elementor-widget-wrap elementor-element-populated\">\n\t\t\t\t\t\t<div class=\"elementor-element elementor-element-d258ee4 elementor-widget elementor-widget-yolo_blog\" data-id=\"d258ee4\" data-element_type=\"widget\" data-e-type=\"widget\" data-widget_type=\"yolo_blog.default\">\n\t\t\t\t<div class=\"elementor-widget-container\">\n\t\t\t\t\t        <div class=\"yolo-sc-blog \">\n            <div class=\"sc-blog-wrap\">\n                <div class=\"blog-wrap grid  blog-v4\">\n                    <div id=\"blog_69eb81405dc6b\" class=\"blog-inner row clearfix blog-style-grid blog-paging-all\" >\n                        <article id=\"post-3331\" class=\"yolo-blog-item grid-item col-12 col-sm-12 col-md-4  item-even blog-v4 post-3331 post type-post status-publish format-standard has-post-thumbnail hentry category-actualite\">\n    <div class=\"post-item-wrap yolo-flex -row\">\n        \n                            <div class=\"post-thumbnail-wrap\">\n                    <div class=\"thumbnail-bg\" style=\"background-image: url('https:\/\/revasurfcoaching.com\/wp-content\/uploads\/2026\/04\/Surfer-a-capbreton-768x512.png')\"><\/div>\n                    <a class=\"entry-link\" href=\"https:\/\/revasurfcoaching.com\/en\/le-surf-au-printemps-capbreton-quoi-sattendre\/\" title=\"Le surf au printemps \u00e0 Capbreton : \u00e0 quoi s\u2019attendre ?\"><\/a>\n                                              <div class=\"post-meta post-meta-categories\">\n                            <a href=\"https:\/\/revasurfcoaching.com\/en\/category\/actualite\/\" rel=\"category tag\">Actualit\u00e9<\/a>                        <\/div>\n                                    <\/div>\n            \n\n        <div class=\"post-header entry-header\">\n\n            <h4 class=\"post-title entry-title\">\n                <a  href=\"https:\/\/revasurfcoaching.com\/en\/le-surf-au-printemps-capbreton-quoi-sattendre\/\" rel=\"bookmark\"\n                   title=\"Le surf au printemps \u00e0 Capbreton : \u00e0 quoi s\u2019attendre ?\">Le surf au printemps \u00e0 Capbreton : \u00e0 quoi s\u2019attendre ?<\/a>\n            <\/h4>\n\n            <div class=\"post-meta-other\">\n                <a class=\"post-meta-item post-author\" href=\"https:\/\/revasurfcoaching.com\/en\/author\/revateatiu\/\">\n                    <span class=\"post-author-avatar\"><\/span>\n                    <span class=\"post-author-by\">by<\/span>\n                    <span class=\"post-author-name\">Reva<\/span>\n                <\/a>\n\n                <span class=\"post-meta-item post-date\">\n                    20\/04\/2026                <\/span>\n\n            <\/div>\n\n        <\/div>\n\n    <\/div>\n<\/article><article id=\"post-1737\" class=\"yolo-blog-item grid-item col-12 col-sm-12 col-md-4  item-odd blog-v4 post-1737 post type-post status-publish format-standard has-post-thumbnail hentry category-conseils\">\n    <div class=\"post-item-wrap yolo-flex -row\">\n        \n                            <div class=\"post-thumbnail-wrap\">\n                    <div class=\"thumbnail-bg\" style=\"background-image: url('https:\/\/revasurfcoaching.com\/wp-content\/uploads\/2026\/04\/Apprendre-le-surf-Capbreton-768x512.png')\"><\/div>\n                    <a class=\"entry-link\" href=\"https:\/\/revasurfcoaching.com\/en\/apprendre-le-surf-a-capbreton-guide-complet-pour-debuter\/\" title=\"Apprendre le surf \u00e0 Capbreton : guide complet pour d\u00e9buter\"><\/a>\n                                              <div class=\"post-meta post-meta-categories\">\n                            <a href=\"https:\/\/revasurfcoaching.com\/en\/category\/conseils\/\" rel=\"category tag\">Apprendre le surf<\/a>                        <\/div>\n                                    <\/div>\n            \n\n        <div class=\"post-header entry-header\">\n\n            <h4 class=\"post-title entry-title\">\n                <a  href=\"https:\/\/revasurfcoaching.com\/en\/apprendre-le-surf-a-capbreton-guide-complet-pour-debuter\/\" rel=\"bookmark\"\n                   title=\"Apprendre le surf \u00e0 Capbreton : guide complet pour d\u00e9buter\">Apprendre le surf \u00e0 Capbreton : guide complet pour d\u00e9buter<\/a>\n            <\/h4>\n\n            <div class=\"post-meta-other\">\n                <a class=\"post-meta-item post-author\" href=\"https:\/\/revasurfcoaching.com\/en\/author\/revateatiu\/\">\n                    <span class=\"post-author-avatar\"><\/span>\n                    <span class=\"post-author-by\">by<\/span>\n                    <span class=\"post-author-name\">Reva<\/span>\n                <\/a>\n\n                <span class=\"post-meta-item post-date\">\n                    13\/04\/2026                <\/span>\n\n            <\/div>\n\n        <\/div>\n\n    <\/div>\n<\/article>                    <\/div>\n                    <script type=\"text\/javascript\">\n                        jQuery('document').ready(function ($) {\n                            let blog = $('#blog_69eb81405dc6b');\n                            let slider = 'grid';\n                            if (slider == 'slider') {\n                                blog.owlCarousel({\n                                    items: 3,\n                                    loop: false,\n                                    autoplay: false,\n                                    duration: 4000,\n                                    autoplaySpeed: 4000,\n                                    margin: 0,\n                                    nav: false,\n                                    navText: [\"<i class='fa fa-caret-left'><\/i>\",\"<i class='fa fa-caret-right'><\/i>\"],\n                                    rtl: false,\n                                    dots: false,\n                                    responsive: {\n                                        0: {\n                                            items: 1,\n                                        },\n                                        600: {\n                                            items: 1,\n                                        },\n                                        1000: {\n                                            items: 3,\n                                        }\n                                    }\n                                });\n                            }\n                        })\n                    <\/script>\n                    \n                <\/div>\n            <\/div>\n        <\/div>\n        \t\t\t\t<\/div>\n\t\t\t\t<\/div>\n\t\t\t\t\t<\/div>\n\t\t<\/div>\n\t\t\t\t\t<\/div>\n\t\t<\/section>\n\t\t\t\t<\/div>\n\t\t","protected":false},"excerpt":{"rendered":"<p>NEWS Conseils surf et actualit\u00e9s \u00e0 Capbreton Vous trouverez ici des conseils autour du surf, des infos sur les conditions \u00e0 Capbreton, et des r\u00e9ponses aux questions que j\u2019entends souvent avant de rentrer dans l\u2019eau. L\u2019id\u00e9e est de partager simplement ce qui peut vous aider \u00e0 mieux comprendre l\u2019oc\u00e9an, progresser, ou pr\u00e9parer vos sessions. Uncategorized Le surf dans les landes by Reva 04\/21\/2026<\/p>","protected":false},"author":1,"featured_media":0,"parent":0,"menu_order":0,"comment_status":"closed","ping_status":"closed","template":"","meta":{"_monsterinsights_skip_tracking":false,"_monsterinsights_sitenote_active":false,"_monsterinsights_sitenote_note":"","_monsterinsights_sitenote_category":0,"footnotes":""},"class_list":["post-3287","page","type-page","status-publish","hentry"],"yoast_head":"<!-- This site is optimized with the Yoast SEO plugin v27.4 - https:\/\/yoast.com\/product\/yoast-seo-wordpress\/ -->\n<title>Conseils surf \u00e0 Capbreton | Apprendre et progresser<\/title>\n<meta name=\"description\" content=\"Articles et conseils sur le surf \u00e0 Capbreton : conditions, apprentissage, progression et astuces pour mieux surfer dans les Landes.\" \/>\n<meta name=\"robots\" content=\"index, follow, max-snippet:-1, max-image-preview:large, max-video-preview:-1\" \/>\n<link rel=\"canonical\" href=\"https:\/\/revasurfcoaching.com\/en\/actualites-du-surf\/\" \/>\n<meta property=\"og:locale\" content=\"en_US\" \/>\n<meta property=\"og:type\" content=\"article\" \/>\n<meta property=\"og:title\" content=\"Conseils surf \u00e0 Capbreton | Apprendre et progresser\" \/>\n<meta property=\"og:description\" content=\"Articles et conseils sur le surf \u00e0 Capbreton : conditions, apprentissage, progression et astuces pour mieux surfer dans les Landes.\" \/>\n<meta property=\"og:url\" content=\"https:\/\/revasurfcoaching.com\/en\/actualites-du-surf\/\" \/>\n<meta property=\"og:site_name\" content=\"Reva Personal Surf Coaching\" \/>\n<meta property=\"article:modified_time\" content=\"2026-04-21T13:53:32+00:00\" \/>\n<meta name=\"twitter:card\" content=\"summary_large_image\" \/>\n<meta name=\"twitter:label1\" content=\"Est. reading time\" \/>\n\t<meta name=\"twitter:data1\" content=\"1 minute\" \/>\n<script type=\"application\/ld+json\" class=\"yoast-schema-graph\">{\"@context\":\"https:\\\/\\\/schema.org\",\"@graph\":[{\"@type\":\"WebPage\",\"@id\":\"https:\\\/\\\/revasurfcoaching.com\\\/actualites-du-surf\\\/\",\"url\":\"https:\\\/\\\/revasurfcoaching.com\\\/actualites-du-surf\\\/\",\"name\":\"Conseils surf \u00e0 Capbreton | Apprendre et progresser\",\"isPartOf\":{\"@id\":\"https:\\\/\\\/revasurfcoaching.com\\\/#website\"},\"datePublished\":\"2026-04-21T12:31:30+00:00\",\"dateModified\":\"2026-04-21T13:53:32+00:00\",\"description\":\"Articles et conseils sur le surf \u00e0 Capbreton : conditions, apprentissage, progression et astuces pour mieux surfer dans les Landes.\",\"breadcrumb\":{\"@id\":\"https:\\\/\\\/revasurfcoaching.com\\\/actualites-du-surf\\\/#breadcrumb\"},\"inLanguage\":\"en-US\",\"potentialAction\":[{\"@type\":\"ReadAction\",\"target\":[\"https:\\\/\\\/revasurfcoaching.com\\\/actualites-du-surf\\\/\"]}]},{\"@type\":\"BreadcrumbList\",\"@id\":\"https:\\\/\\\/revasurfcoaching.com\\\/actualites-du-surf\\\/#breadcrumb\",\"itemListElement\":[{\"@type\":\"ListItem\",\"position\":1,\"name\":\"Accueil\",\"item\":\"https:\\\/\\\/revasurfcoaching.com\\\/\"},{\"@type\":\"ListItem\",\"position\":2,\"name\":\"NEWS\"}]},{\"@type\":\"WebSite\",\"@id\":\"https:\\\/\\\/revasurfcoaching.com\\\/#website\",\"url\":\"https:\\\/\\\/revasurfcoaching.com\\\/\",\"name\":\"Reva Personal Surf Coaching\",\"description\":\"Cours de surf sur mesure dans les Landes\",\"potentialAction\":[{\"@type\":\"SearchAction\",\"target\":{\"@type\":\"EntryPoint\",\"urlTemplate\":\"https:\\\/\\\/revasurfcoaching.com\\\/?s={search_term_string}\"},\"query-input\":{\"@type\":\"PropertyValueSpecification\",\"valueRequired\":true,\"valueName\":\"search_term_string\"}}],\"inLanguage\":\"en-US\"}]}<\/script>\n<!-- \/ Yoast SEO plugin. -->","yoast_head_json":{"title":"Conseils surf \u00e0 Capbreton | Apprendre et progresser","description":"Articles et conseils sur le surf \u00e0 Capbreton : conditions, apprentissage, progression et astuces pour mieux surfer dans les Landes.","robots":{"index":"index","follow":"follow","max-snippet":"max-snippet:-1","max-image-preview":"max-image-preview:large","max-video-preview":"max-video-preview:-1"},"canonical":"https:\/\/revasurfcoaching.com\/en\/actualites-du-surf\/","og_locale":"en_US","og_type":"article","og_title":"Conseils surf \u00e0 Capbreton | Apprendre et progresser","og_description":"Articles et conseils sur le surf \u00e0 Capbreton : conditions, apprentissage, progression et astuces pour mieux surfer dans les Landes.","og_url":"https:\/\/revasurfcoaching.com\/en\/actualites-du-surf\/","og_site_name":"Reva Personal Surf Coaching","article_modified_time":"2026-04-21T13:53:32+00:00","twitter_card":"summary_large_image","twitter_misc":{"Est. reading time":"1 minute"},"schema":{"@context":"https:\/\/schema.org","@graph":[{"@type":"WebPage","@id":"https:\/\/revasurfcoaching.com\/actualites-du-surf\/","url":"https:\/\/revasurfcoaching.com\/actualites-du-surf\/","name":"Conseils surf \u00e0 Capbreton | Apprendre et progresser","isPartOf":{"@id":"https:\/\/revasurfcoaching.com\/#website"},"datePublished":"2026-04-21T12:31:30+00:00","dateModified":"2026-04-21T13:53:32+00:00","description":"Articles et conseils sur le surf \u00e0 Capbreton : conditions, apprentissage, progression et astuces pour mieux surfer dans les Landes.","breadcrumb":{"@id":"https:\/\/revasurfcoaching.com\/actualites-du-surf\/#breadcrumb"},"inLanguage":"en-US","potentialAction":[{"@type":"ReadAction","target":["https:\/\/revasurfcoaching.com\/actualites-du-surf\/"]}]},{"@type":"BreadcrumbList","@id":"https:\/\/revasurfcoaching.com\/actualites-du-surf\/#breadcrumb","itemListElement":[{"@type":"ListItem","position":1,"name":"Accueil","item":"https:\/\/revasurfcoaching.com\/"},{"@type":"ListItem","position":2,"name":"NEWS"}]},{"@type":"WebSite","@id":"https:\/\/revasurfcoaching.com\/#website","url":"https:\/\/revasurfcoaching.com\/","name":"Reva Personal Surf Coaching","description":"Cours de surf sur mesure dans les Landes","potentialAction":[{"@type":"SearchAction","target":{"@type":"EntryPoint","urlTemplate":"https:\/\/revasurfcoaching.com\/?s={search_term_string}"},"query-input":{"@type":"PropertyValueSpecification","valueRequired":true,"valueName":"search_term_string"}}],"inLanguage":"en-US"}]}},"_links":{"self":[{"href":"https:\/\/revasurfcoaching.com\/en\/wp-json\/wp\/v2\/pages\/3287","targetHints":{"allow":["GET"]}}],"collection":[{"href":"https:\/\/revasurfcoaching.com\/en\/wp-json\/wp\/v2\/pages"}],"about":[{"href":"https:\/\/revasurfcoaching.com\/en\/wp-json\/wp\/v2\/types\/page"}],"author":[{"embeddable":true,"href":"https:\/\/revasurfcoaching.com\/en\/wp-json\/wp\/v2\/users\/1"}],"replies":[{"embeddable":true,"href":"https:\/\/revasurfcoaching.com\/en\/wp-json\/wp\/v2\/comments?post=3287"}],"version-history":[{"count":12,"href":"https:\/\/revasurfcoaching.com\/en\/wp-json\/wp\/v2\/pages\/3287\/revisions"}],"predecessor-version":[{"id":3307,"href":"https:\/\/revasurfcoaching.com\/en\/wp-json\/wp\/v2\/pages\/3287\/revisions\/3307"}],"wp:attachment":[{"href":"https:\/\/revasurfcoaching.com\/en\/wp-json\/wp\/v2\/media?parent=3287"}],"curies":[{"name":"wp","href":"https:\/\/api.w.org\/{rel}","templated":true}]}}